{"id":120,"date":"2025-09-09T06:29:40","date_gmt":"2025-09-09T06:29:40","guid":{"rendered":"http:\/\/rosedesalpes.ch\/?page_id=120"},"modified":"2025-10-07T09:18:39","modified_gmt":"2025-10-07T09:18:39","slug":"contact","status":"publish","type":"page","link":"https:\/\/rosedesalpes.ch\/index.php\/contact\/","title":{"rendered":"Contact"},"content":{"rendered":"\t\t<div data-elementor-type=\"wp-page\" data-elementor-id=\"120\" class=\"elementor elementor-120\" data-elementor-post-type=\"page\">\n\t\t\t\t<div class=\"elementor-element elementor-element-5632514 e-flex e-con-boxed e-con e-parent\" data-id=\"5632514\" data-element_type=\"container\">\n\t\t\t\t\t<div class=\"e-con-inner\">\n\t\t<div class=\"elementor-element elementor-element-8d996de e-con-full e-flex e-con e-child\" data-id=\"8d996de\" data-element_type=\"container\">\n\t\t<div class=\"elementor-element elementor-element-d25e799 e-con-full e-flex e-con e-child\" data-id=\"d25e799\" data-element_type=\"container\">\n\t\t\t\t<div class=\"elementor-element elementor-element-ef97cb0 elementor-widget elementor-widget-heading\" data-id=\"ef97cb0\" data-element_type=\"widget\" data-widget_type=\"heading.default\">\n\t\t\t\t\t<h2 class=\"elementor-heading-title elementor-size-default\">Contactez nous ! <\/h2>\t\t\t\t<\/div>\n\t\t\t\t<\/div>\n\t\t\t\t<\/div>\n\t\t<div class=\"elementor-element elementor-element-ddcea40 e-con-full e-flex e-con e-child\" data-id=\"ddcea40\" data-element_type=\"container\">\n\t\t<div class=\"elementor-element elementor-element-8a284bd e-con-full e-flex e-con e-child\" data-id=\"8a284bd\" data-element_type=\"container\">\n\t\t\t\t<div class=\"elementor-element elementor-element-54e4d58 elementor-widget-mobile__width-initial elementor-widget elementor-widget-text-editor\" data-id=\"54e4d58\" data-element_type=\"widget\" data-widget_type=\"text-editor.default\">\n\t\t\t\t\t\t\t\t\t<p data-start=\"234\" data-end=\"302\">Une question, une demande ou simplement envie d\u2019\u00e9changer avec nous ?<\/p><p data-start=\"304\" data-end=\"527\">La <strong data-start=\"307\" data-end=\"339\">Fanfare de la Rose des Alpes<\/strong> se tient \u00e0 votre disposition !<br \/><br data-start=\"370\" data-end=\"373\" \/>Que ce soit pour une <strong data-start=\"394\" data-end=\"417\">prestation musicale<\/strong>, une <strong data-start=\"423\" data-end=\"440\">collaboration<\/strong>, une <strong data-start=\"446\" data-end=\"461\">inscription<\/strong>, ou pour toute autre information, n\u2019h\u00e9sitez pas \u00e0 nous contacter.<br \/><br \/>Nous vous r\u00e9pondrons dans les plus brefs d\u00e9lais !<br \/><br data-start=\"912\" data-end=\"915\" \/>\u00c0 tr\u00e8s bient\u00f4t <\/p>\t\t\t\t\t\t\t\t<\/div>\n\t\t\t\t<\/div>\n\t\t<div class=\"elementor-element elementor-element-f2bc561 e-con-full e-flex e-con e-child\" data-id=\"f2bc561\" data-element_type=\"container\">\n\t\t\t\t<div class=\"elementor-element elementor-element-69ce3c8 elementor-button-align-stretch elementor-widget elementor-widget-form\" data-id=\"69ce3c8\" data-element_type=\"widget\" data-settings=\"{&quot;step_next_label&quot;:&quot;Suivant&quot;,&quot;step_previous_label&quot;:&quot;Pr\\u00e9c\\u00e9dent&quot;,&quot;button_width&quot;:&quot;100&quot;,&quot;step_type&quot;:&quot;number_text&quot;,&quot;step_icon_shape&quot;:&quot;circle&quot;}\" data-widget_type=\"form.default\">\n\t\t\t\t\t\t\t<form class=\"elementor-form\" method=\"post\" name=\"Nouveau formulaire\" aria-label=\"Nouveau formulaire\">\n\t\t\t<input type=\"hidden\" name=\"post_id\" value=\"120\"\/>\n\t\t\t<input type=\"hidden\" name=\"form_id\" value=\"69ce3c8\"\/>\n\t\t\t<input type=\"hidden\" name=\"referer_title\" value=\"Contact\" \/>\n\n\t\t\t\t\t\t\t<input type=\"hidden\" name=\"queried_id\" value=\"120\"\/>\n\t\t\t\n\t\t\t<div class=\"elementor-form-fields-wrapper elementor-labels-\">\n\t\t\t\t\t\t\t\t<div class=\"elementor-field-type-text elementor-field-group elementor-column elementor-field-group-name elementor-col-100\">\n\t\t\t\t\t\t\t\t\t\t\t\t<label for=\"form-field-name\" class=\"elementor-field-label elementor-screen-only\">\n\t\t\t\t\t\t\t\tNom\t\t\t\t\t\t\t<\/label>\n\t\t\t\t\t\t\t\t\t\t\t\t\t\t<input size=\"1\" type=\"text\" name=\"form_fields[name]\" id=\"form-field-name\" class=\"elementor-field elementor-size-sm  elementor-field-textual\" placeholder=\"Nom\">\n\t\t\t\t\t\t\t\t\t\t\t<\/div>\n\t\t\t\t\t\t\t\t<div class=\"elementor-field-type-email elementor-field-group elementor-column elementor-field-group-email elementor-col-100 elementor-field-required\">\n\t\t\t\t\t\t\t\t\t\t\t\t<label for=\"form-field-email\" class=\"elementor-field-label elementor-screen-only\">\n\t\t\t\t\t\t\t\tE-mail\t\t\t\t\t\t\t<\/label>\n\t\t\t\t\t\t\t\t\t\t\t\t\t\t<input size=\"1\" type=\"email\" name=\"form_fields[email]\" id=\"form-field-email\" class=\"elementor-field elementor-size-sm  elementor-field-textual\" placeholder=\"E-mail\" required=\"required\">\n\t\t\t\t\t\t\t\t\t\t\t<\/div>\n\t\t\t\t\t\t\t\t<div class=\"elementor-field-type-textarea elementor-field-group elementor-column elementor-field-group-message elementor-col-100\">\n\t\t\t\t\t\t\t\t\t\t\t\t<label for=\"form-field-message\" class=\"elementor-field-label elementor-screen-only\">\n\t\t\t\t\t\t\t\tMessage\t\t\t\t\t\t\t<\/label>\n\t\t\t\t\t\t<textarea class=\"elementor-field-textual elementor-field  elementor-size-sm\" name=\"form_fields[message]\" id=\"form-field-message\" rows=\"4\" placeholder=\"Message\"><\/textarea>\t\t\t\t<\/div>\n\t\t\t\t\t\t\t\t<div class=\"elementor-field-group elementor-column elementor-field-type-submit elementor-col-100 e-form__buttons\">\n\t\t\t\t\t<button class=\"elementor-button elementor-size-sm\" type=\"submit\">\n\t\t\t\t\t\t<span class=\"elementor-button-content-wrapper\">\n\t\t\t\t\t\t\t\t\t\t\t\t\t\t\t\t\t\t\t\t\t\t<span class=\"elementor-button-text\">Envoyer<\/span>\n\t\t\t\t\t\t\t\t\t\t\t\t\t<\/span>\n\t\t\t\t\t<\/button>\n\t\t\t\t<\/div>\n\t\t\t<\/div>\n\t\t<\/form>\n\t\t\t\t\t\t<\/div>\n\t\t\t\t<div class=\"elementor-element elementor-element-80b7d2a elementor-widget elementor-widget-image\" data-id=\"80b7d2a\" data-element_type=\"widget\" data-widget_type=\"image.default\">\n\t\t\t\t\t\t\t\t\t\t\t\t\t\t\t<img decoding=\"async\" width=\"1\" height=\"1\" src=\"https:\/\/rosedesalpes.ch\/wp-content\/uploads\/2025\/09\/La-Rose_2-1.png\" class=\"attachment-medium size-medium wp-image-58\" alt=\"\" \/>\t\t\t\t\t\t\t\t\t\t\t\t\t\t\t<\/div>\n\t\t\t\t<\/div>\n\t\t\t\t<\/div>\n\t\t\t\t\t<\/div>\n\t\t\t\t<\/div>\n\t\t\t\t<\/div>\n\t\t","protected":false},"excerpt":{"rendered":"<p>Contactez nous ! Une question, une demande ou simplement envie d\u2019\u00e9changer avec nous ? La Fanfare de la Rose des Alpes se tient \u00e0 votre disposition !Que ce soit pour une prestation musicale, une collaboration, une inscription, ou pour toute autre information, n\u2019h\u00e9sitez pas \u00e0 nous contacter. Nous vous r\u00e9pondrons dans les plus brefs d\u00e9lais [&hellip;]<\/p>\n","protected":false},"author":1,"featured_media":0,"parent":0,"menu_order":0,"comment_status":"closed","ping_status":"closed","template":"","meta":{"_eb_attr":"","footnotes":""},"class_list":["post-120","page","type-page","status-publish","hentry"],"_links":{"self":[{"href":"https:\/\/rosedesalpes.ch\/index.php\/wp-json\/wp\/v2\/pages\/120","targetHints":{"allow":["GET"]}}],"collection":[{"href":"https:\/\/rosedesalpes.ch\/index.php\/wp-json\/wp\/v2\/pages"}],"about":[{"href":"https:\/\/rosedesalpes.ch\/index.php\/wp-json\/wp\/v2\/types\/page"}],"author":[{"embeddable":true,"href":"https:\/\/rosedesalpes.ch\/index.php\/wp-json\/wp\/v2\/users\/1"}],"replies":[{"embeddable":true,"href":"https:\/\/rosedesalpes.ch\/index.php\/wp-json\/wp\/v2\/comments?post=120"}],"version-history":[{"count":67,"href":"https:\/\/rosedesalpes.ch\/index.php\/wp-json\/wp\/v2\/pages\/120\/revisions"}],"predecessor-version":[{"id":588,"href":"https:\/\/rosedesalpes.ch\/index.php\/wp-json\/wp\/v2\/pages\/120\/revisions\/588"}],"wp:attachment":[{"href":"https:\/\/rosedesalpes.ch\/index.php\/wp-json\/wp\/v2\/media?parent=120"}],"curies":[{"name":"wp","href":"https:\/\/api.w.org\/{rel}","templated":true}]}}